{"id":1487,"date":"2023-02-22T10:21:53","date_gmt":"2023-02-22T09:21:53","guid":{"rendered":"https:\/\/solarbreaker.com\/?page_id=1487"},"modified":"2024-05-24T13:17:48","modified_gmt":"2024-05-24T11:17:48","slug":"contact-us","status":"publish","type":"page","link":"https:\/\/solarbreaker.com\/pl\/contact-us\/","title":{"rendered":"Kontakt"},"content":{"rendered":"<div data-elementor-type=\"wp-page\" data-elementor-id=\"1487\" class=\"elementor elementor-1487\">\n\t\t\t\t\t\t<section class=\"elementor-section elementor-top-section elementor-element elementor-element-b3f75be elementor-section-full_width elementor-section-height-default elementor-section-height-default\" data-id=\"b3f75be\" data-element_type=\"section\" data-settings=\"{&quot;background_background&quot;:&quot;classic&quot;}\">\n\t\t\t\t\t\t<div class=\"elementor-container elementor-column-gap-default\">\n\t\t\t\t\t<div class=\"elementor-column elementor-col-100 elementor-top-column elementor-element elementor-element-b3f2af5\" data-id=\"b3f2af5\" data-element_type=\"column\">\n\t\t\t<div class=\"elementor-widget-wrap elementor-element-populated\">\n\t\t\t\t\t\t<div class=\"elementor-element elementor-element-62e44cc elementor-widget elementor-widget-text-editor\" data-id=\"62e44cc\" data-element_type=\"widget\" data-widget_type=\"text-editor.default\">\n\t\t\t\t<div class=\"elementor-widget-container\">\n\t\t\t<style>\/*! elementor - v3.21.0 - 08-05-2024 *\/\n.elementor-widget-text-editor.elementor-drop-cap-view-stacked .elementor-drop-cap{background-color:#69727d;color:#fff}.elementor-widget-text-editor.elementor-drop-cap-view-framed .elementor-drop-cap{color:#69727d;border:3px solid;background-color:transparent}.elementor-widget-text-editor:not(.elementor-drop-cap-view-default) .elementor-drop-cap{margin-top:8px}.elementor-widget-text-editor:not(.elementor-drop-cap-view-default) .elementor-drop-cap-letter{width:1em;height:1em}.elementor-widget-text-editor .elementor-drop-cap{float:left;text-align:center;line-height:1;font-size:50px}.elementor-widget-text-editor .elementor-drop-cap-letter{display:inline-block}<\/style>\t\t\t\t<p>Skontaktuj si\u0119 z nami<\/p>\t\t\t\t\t\t<\/div>\n\t\t\t\t<\/div>\n\t\t\t\t<section class=\"elementor-section elementor-inner-section elementor-element elementor-element-d37b9c0 elementor-section-boxed elementor-section-height-default elementor-section-height-default\" data-id=\"d37b9c0\" data-element_type=\"section\">\n\t\t\t\t\t\t<div class=\"elementor-container elementor-column-gap-default\">\n\t\t\t\t\t<div class=\"elementor-column elementor-col-25 elementor-inner-column elementor-element elementor-element-86cb9a6\" data-id=\"86cb9a6\" data-element_type=\"column\">\n\t\t\t<div class=\"elementor-widget-wrap elementor-element-populated\">\n\t\t\t\t\t\t<div class=\"elementor-element elementor-element-6fc57e7 elementor-position-top elementor-widget elementor-widget-image-box\" data-id=\"6fc57e7\" data-element_type=\"widget\" data-widget_type=\"image-box.default\">\n\t\t\t\t<div class=\"elementor-widget-container\">\n\t\t\t<style>\/*! elementor - v3.21.0 - 08-05-2024 *\/\n.elementor-widget-image-box .elementor-image-box-content{width:100%}@media (min-width:768px){.elementor-widget-image-box.elementor-position-left .elementor-image-box-wrapper,.elementor-widget-image-box.elementor-position-right .elementor-image-box-wrapper{display:flex}.elementor-widget-image-box.elementor-position-right .elementor-image-box-wrapper{text-align:end;flex-direction:row-reverse}.elementor-widget-image-box.elementor-position-left .elementor-image-box-wrapper{text-align:start;flex-direction:row}.elementor-widget-image-box.elementor-position-top .elementor-image-box-img{margin:auto}.elementor-widget-image-box.elementor-vertical-align-top .elementor-image-box-wrapper{align-items:flex-start}.elementor-widget-image-box.elementor-vertical-align-middle .elementor-image-box-wrapper{align-items:center}.elementor-widget-image-box.elementor-vertical-align-bottom .elementor-image-box-wrapper{align-items:flex-end}}@media (max-width:767px){.elementor-widget-image-box .elementor-image-box-img{margin-left:auto!important;margin-right:auto!important;margin-bottom:15px}}.elementor-widget-image-box .elementor-image-box-img{display:inline-block}.elementor-widget-image-box .elementor-image-box-title a{color:inherit}.elementor-widget-image-box .elementor-image-box-wrapper{text-align:center}.elementor-widget-image-box .elementor-image-box-description{margin:0}<\/style><div class=\"elementor-image-box-wrapper\"><figure class=\"elementor-image-box-img\"><img fetchpriority=\"high\" decoding=\"async\" width=\"1000\" height=\"1000\" src=\"https:\/\/solarbreaker.com\/wp-content\/uploads\/2023\/02\/meeting.png\" class=\"attachment-full size-full wp-image-1442\" alt=\"\" srcset=\"https:\/\/solarbreaker.com\/wp-content\/uploads\/2023\/02\/meeting.png 1000w, https:\/\/solarbreaker.com\/wp-content\/uploads\/2023\/02\/meeting-300x300.png 300w, https:\/\/solarbreaker.com\/wp-content\/uploads\/2023\/02\/meeting-150x150.png 150w, https:\/\/solarbreaker.com\/wp-content\/uploads\/2023\/02\/meeting-768x768.png 768w\" sizes=\"(max-width: 1000px) 100vw, 1000px\" \/><\/figure><div class=\"elementor-image-box-content\"><h3 class=\"elementor-image-box-title\">PRACUJ Z NAMI <\/h3><\/div><\/div>\t\t<\/div>\n\t\t\t\t<\/div>\n\t\t\t\t\t<\/div>\n\t\t<\/div>\n\t\t\t\t<div class=\"elementor-column elementor-col-25 elementor-inner-column elementor-element elementor-element-cb859e4\" data-id=\"cb859e4\" data-element_type=\"column\">\n\t\t\t<div class=\"elementor-widget-wrap elementor-element-populated\">\n\t\t\t\t\t\t<div class=\"elementor-element elementor-element-2b42951 elementor-position-top elementor-widget elementor-widget-image-box\" data-id=\"2b42951\" data-element_type=\"widget\" data-widget_type=\"image-box.default\">\n\t\t\t\t<div class=\"elementor-widget-container\">\n\t\t\t<div class=\"elementor-image-box-wrapper\"><figure class=\"elementor-image-box-img\"><img decoding=\"async\" width=\"1000\" height=\"1000\" src=\"https:\/\/solarbreaker.com\/wp-content\/uploads\/2023\/02\/design.png\" class=\"attachment-full size-full wp-image-1441\" alt=\"\" srcset=\"https:\/\/solarbreaker.com\/wp-content\/uploads\/2023\/02\/design.png 1000w, https:\/\/solarbreaker.com\/wp-content\/uploads\/2023\/02\/design-300x300.png 300w, https:\/\/solarbreaker.com\/wp-content\/uploads\/2023\/02\/design-150x150.png 150w, https:\/\/solarbreaker.com\/wp-content\/uploads\/2023\/02\/design-768x768.png 768w\" sizes=\"(max-width: 1000px) 100vw, 1000px\" \/><\/figure><div class=\"elementor-image-box-content\"><h3 class=\"elementor-image-box-title\">PROJEKTUJ Z NAMI <\/h3><\/div><\/div>\t\t<\/div>\n\t\t\t\t<\/div>\n\t\t\t\t\t<\/div>\n\t\t<\/div>\n\t\t\t\t<div class=\"elementor-column elementor-col-25 elementor-inner-column elementor-element elementor-element-98a3ccf\" data-id=\"98a3ccf\" data-element_type=\"column\">\n\t\t\t<div class=\"elementor-widget-wrap elementor-element-populated\">\n\t\t\t\t\t\t<div class=\"elementor-element elementor-element-139de74 elementor-position-top elementor-widget elementor-widget-image-box\" data-id=\"139de74\" data-element_type=\"widget\" data-widget_type=\"image-box.default\">\n\t\t\t\t<div class=\"elementor-widget-container\">\n\t\t\t<div class=\"elementor-image-box-wrapper\"><figure class=\"elementor-image-box-img\"><img decoding=\"async\" width=\"1000\" height=\"1000\" src=\"https:\/\/solarbreaker.com\/wp-content\/uploads\/2023\/02\/ask.png\" class=\"attachment-full size-full wp-image-1444\" alt=\"\" srcset=\"https:\/\/solarbreaker.com\/wp-content\/uploads\/2023\/02\/ask.png 1000w, https:\/\/solarbreaker.com\/wp-content\/uploads\/2023\/02\/ask-300x300.png 300w, https:\/\/solarbreaker.com\/wp-content\/uploads\/2023\/02\/ask-150x150.png 150w, https:\/\/solarbreaker.com\/wp-content\/uploads\/2023\/02\/ask-768x768.png 768w\" sizes=\"(max-width: 1000px) 100vw, 1000px\" \/><\/figure><div class=\"elementor-image-box-content\"><h3 class=\"elementor-image-box-title\">ZAPYTAJ NAS<\/h3><\/div><\/div>\t\t<\/div>\n\t\t\t\t<\/div>\n\t\t\t\t\t<\/div>\n\t\t<\/div>\n\t\t\t\t<div class=\"elementor-column elementor-col-25 elementor-inner-column elementor-element elementor-element-c080952\" data-id=\"c080952\" data-element_type=\"column\">\n\t\t\t<div class=\"elementor-widget-wrap elementor-element-populated\">\n\t\t\t\t\t\t<div class=\"elementor-element elementor-element-1eba2aa elementor-position-top elementor-widget elementor-widget-image-box\" data-id=\"1eba2aa\" data-element_type=\"widget\" data-widget_type=\"image-box.default\">\n\t\t\t\t<div class=\"elementor-widget-container\">\n\t\t\t<div class=\"elementor-image-box-wrapper\"><figure class=\"elementor-image-box-img\"><img loading=\"lazy\" decoding=\"async\" width=\"1594\" height=\"1594\" src=\"https:\/\/solarbreaker.com\/wp-content\/uploads\/2023\/02\/catalog.png\" class=\"attachment-full size-full wp-image-1445\" alt=\"\" srcset=\"https:\/\/solarbreaker.com\/wp-content\/uploads\/2023\/02\/catalog.png 1594w, https:\/\/solarbreaker.com\/wp-content\/uploads\/2023\/02\/catalog-300x300.png 300w, https:\/\/solarbreaker.com\/wp-content\/uploads\/2023\/02\/catalog-1024x1024.png 1024w, https:\/\/solarbreaker.com\/wp-content\/uploads\/2023\/02\/catalog-150x150.png 150w, https:\/\/solarbreaker.com\/wp-content\/uploads\/2023\/02\/catalog-768x768.png 768w, https:\/\/solarbreaker.com\/wp-content\/uploads\/2023\/02\/catalog-1536x1536.png 1536w\" sizes=\"(max-width: 1594px) 100vw, 1594px\" \/><\/figure><div class=\"elementor-image-box-content\"><h3 class=\"elementor-image-box-title\">Download materials<\/h3><\/div><\/div>\t\t<\/div>\n\t\t\t\t<\/div>\n\t\t\t\t\t<\/div>\n\t\t<\/div>\n\t\t\t\t\t<\/div>\n\t\t<\/section>\n\t\t\t\t\t<\/div>\n\t\t<\/div>\n\t\t\t\t\t<\/div>\n\t\t<\/section>\n\t\t\t\t<section class=\"elementor-section elementor-top-section elementor-element elementor-element-acbbb6d elementor-section-boxed elementor-section-height-default elementor-section-height-default\" data-id=\"acbbb6d\" data-element_type=\"section\">\n\t\t\t\t\t\t<div class=\"elementor-container elementor-column-gap-default\">\n\t\t\t\t\t<div class=\"elementor-column elementor-col-100 elementor-top-column elementor-element elementor-element-aab75e5\" data-id=\"aab75e5\" data-element_type=\"column\">\n\t\t\t<div class=\"elementor-widget-wrap elementor-element-populated\">\n\t\t\t\t\t\t<div class=\"elementor-element elementor-element-c53b678 eael-wpforms-form-button-full-width eael-wpforms-labels-yes elementor-widget elementor-widget-eael-wpforms\" data-id=\"c53b678\" data-element_type=\"widget\" data-widget_type=\"eael-wpforms.default\">\n\t\t\t\t<div class=\"elementor-widget-container\">\n\t\t\t            <div class=\"eael-contact-form eael-wpforms eael-custom-radio-checkbox eael-contact-form-align-default\">\n                                <div class=\"wpforms-container\" id=\"wpforms-1402\"><form id=\"wpforms-form-1402\" class=\"wpforms-validate wpforms-form wpforms-ajax-form\" data-formid=\"1402\" method=\"post\" enctype=\"multipart\/form-data\" action=\"\/pl\/wp-json\/wp\/v2\/pages\/1487\" data-token=\"d437f31fb0bcef821015f45c349163b9\" data-trp-original-action=\"\/pl\/wp-json\/wp\/v2\/pages\/1487\"><div class=\"wpforms-head-container\"><div class=\"wpforms-title\">Wy\u015blij nam wiadomo\u015b\u0107<\/div><\/div><noscript class=\"wpforms-error-noscript\">Aby wype\u0142ni\u0107 ten formularz, w\u0142\u0105cz obs\u0142ug\u0119 JavaScript w przegl\u0105darce.<\/noscript><div class=\"wpforms-field-container\"><div id=\"wpforms-1402-field_0-container\" class=\"wpforms-field wpforms-field-name\" data-field-id=\"0\"><label class=\"wpforms-field-label\" for=\"wpforms-1402-field_0\">Imi\u0119 <span class=\"wpforms-required-label\">*<\/span><\/label><input type=\"text\" id=\"wpforms-1402-field_0\" class=\"wpforms-field-medium wpforms-field-required\" name=\"wpforms[fields][0]\" required><\/div><div id=\"wpforms-1402-field_4-container\" class=\"wpforms-field wpforms-field-name\" data-field-id=\"4\"><label class=\"wpforms-field-label\" for=\"wpforms-1402-field_4\">Lokalizacja <span class=\"wpforms-required-label\">*<\/span><\/label><input type=\"text\" id=\"wpforms-1402-field_4\" class=\"wpforms-field-medium wpforms-field-required\" name=\"wpforms[fields][4]\" required><\/div><div id=\"wpforms-1402-field_1-container\" class=\"wpforms-field wpforms-field-email\" data-field-id=\"1\"><label class=\"wpforms-field-label\" for=\"wpforms-1402-field_1\">Email <span class=\"wpforms-required-label\">*<\/span><\/label><input type=\"email\" id=\"wpforms-1402-field_1\" class=\"wpforms-field-medium wpforms-field-required\" name=\"wpforms[fields][1]\" required><\/div><div id=\"wpforms-1402-field_5-container\" class=\"wpforms-field wpforms-field-radio wpforms-list-inline\" data-field-id=\"5\"><label class=\"wpforms-field-label\" for=\"wpforms-1402-field_5\">Jestem <\/label><ul id=\"wpforms-1402-field_5\"><li class=\"choice-3 depth-1\"><input type=\"radio\" id=\"wpforms-1402-field_5_3\" name=\"wpforms[fields][5]\" value=\"a private customer \"  ><label class=\"wpforms-field-label-inline\" for=\"wpforms-1402-field_5_3\">prywatnym klientem <\/label><\/li><li class=\"choice-1 depth-1\"><input type=\"radio\" id=\"wpforms-1402-field_5_1\" name=\"wpforms[fields][5]\" value=\"an installer\"  ><label class=\"wpforms-field-label-inline\" for=\"wpforms-1402-field_5_1\">instalatorem<\/label><\/li><li class=\"choice-5 depth-1\"><input type=\"radio\" id=\"wpforms-1402-field_5_5\" name=\"wpforms[fields][5]\" value=\"a seller\"  ><label class=\"wpforms-field-label-inline\" for=\"wpforms-1402-field_5_5\">sprzedawc\u0105<\/label><\/li><li class=\"choice-2 depth-1\"><input type=\"radio\" id=\"wpforms-1402-field_5_2\" name=\"wpforms[fields][5]\" value=\"an architect \"  ><label class=\"wpforms-field-label-inline\" for=\"wpforms-1402-field_5_2\">architektem <\/label><\/li><\/ul><\/div><div id=\"wpforms-1402-field_3-container\" class=\"wpforms-field wpforms-field-name\" data-field-id=\"3\"><label class=\"wpforms-field-label\" for=\"wpforms-1402-field_3\"> (Opcjonalnie) Nazwa firmy<\/label><input type=\"text\" id=\"wpforms-1402-field_3\" class=\"wpforms-field-medium\" name=\"wpforms[fields][3]\" ><\/div><div id=\"wpforms-1402-field_2-container\" class=\"wpforms-field wpforms-field-textarea\" data-field-id=\"2\"><label class=\"wpforms-field-label\" for=\"wpforms-1402-field_2\">Wiadomo\u015b\u0107<\/label><textarea id=\"wpforms-1402-field_2\" class=\"wpforms-field-medium\" name=\"wpforms[fields][2]\" ><\/textarea><\/div><div id=\"wpforms-1402-field_6-container\" class=\"wpforms-field wpforms-field-checkbox wpforms-list-inline\" data-field-id=\"6\"><label class=\"wpforms-field-label\" for=\"wpforms-1402-field_6\">(Opcjonalnie) Prosz\u0119 o przes\u0142anie:<\/label><ul id=\"wpforms-1402-field_6\"><li class=\"choice-1 depth-1\"><input type=\"checkbox\" id=\"wpforms-1402-field_6_1\" name=\"wpforms[fields][6][]\" value=\"Product catalog\"  ><label class=\"wpforms-field-label-inline\" for=\"wpforms-1402-field_6_1\">Katalog produkt\u00f3w<\/label><\/li><li class=\"choice-2 depth-1\"><input type=\"checkbox\" id=\"wpforms-1402-field_6_2\" name=\"wpforms[fields][6][]\" value=\"CAD files\"  ><label class=\"wpforms-field-label-inline\" for=\"wpforms-1402-field_6_2\">Pliki CAD<\/label><\/li><li class=\"choice-3 depth-1\"><input type=\"checkbox\" id=\"wpforms-1402-field_6_3\" name=\"wpforms[fields][6][]\" value=\"Retail Prices\"  ><label class=\"wpforms-field-label-inline\" for=\"wpforms-1402-field_6_3\">Ceny detaliczne<\/label><\/li><li class=\"choice-4 depth-1\"><input type=\"checkbox\" id=\"wpforms-1402-field_6_4\" name=\"wpforms[fields][6][]\" value=\"B2B cooperation offer\"  ><label class=\"wpforms-field-label-inline\" for=\"wpforms-1402-field_6_4\">Oferta wsp\u00f3\u0142pracy B2B<\/label><\/li><li class=\"choice-6 depth-1\"><input type=\"checkbox\" id=\"wpforms-1402-field_6_6\" name=\"wpforms[fields][6][]\" value=\"Quotation\"  ><label class=\"wpforms-field-label-inline\" for=\"wpforms-1402-field_6_6\">Wycena<\/label><\/li><\/ul><\/div><\/div><input type=\"hidden\" name=\"wpforms[recaptcha]\" value=\"\"><div class=\"wpforms-submit-container\"><input type=\"hidden\" name=\"wpforms[id]\" value=\"1402\"><input type=\"hidden\" name=\"wpforms[author]\" value=\"1\"><button type=\"submit\" name=\"wpforms[submit]\" id=\"wpforms-submit-1402\" class=\"wpforms-submit\" data-alt-text=\"Sending...\" data-submit-text=\"Submit\" aria-live=\"assertive\" value=\"wpforms-submit\">Wy\u015blij<\/button><img loading=\"lazy\" decoding=\"async\" src=\"https:\/\/solarbreaker.com\/wp-content\/plugins\/wpforms\/assets\/images\/submit-spin.svg\" class=\"wpforms-submit-spinner\" style=\"display: none;\" width=\"26\" height=\"26\" alt=\"Wczytywanie\"><\/div><input type=\"hidden\" name=\"trp-form-language\" value=\"pl\"\/><\/form><\/div>  <!-- .wpforms-container -->            <\/div>\n\t\t<\/div>\n\t\t\t\t<\/div>\n\t\t\t\t\t<\/div>\n\t\t<\/div>\n\t\t\t\t\t<\/div>\n\t\t<\/section>\n\t\t\t\t<section class=\"elementor-section elementor-top-section elementor-element elementor-element-a060663 elementor-section-boxed elementor-section-height-default elementor-section-height-default\" data-id=\"a060663\" data-element_type=\"section\">\n\t\t\t\t\t\t<div class=\"elementor-container elementor-column-gap-default\">\n\t\t\t\t\t<div class=\"elementor-column elementor-col-100 elementor-top-column elementor-element elementor-element-507c044\" data-id=\"507c044\" data-element_type=\"column\">\n\t\t\t<div class=\"elementor-widget-wrap elementor-element-populated\">\n\t\t\t\t\t\t<div class=\"elementor-element elementor-element-5d2fc1e elementor-widget elementor-widget-text-editor\" data-id=\"5d2fc1e\" data-element_type=\"widget\" data-widget_type=\"text-editor.default\">\n\t\t\t\t<div class=\"elementor-widget-container\">\n\t\t\t\t\t\t\t<p><a href=\"https:\/\/solarbreaker.com\/pl\/privacy-policy\/\">Privacy Policy | Polityka Prywatno\u015bci<\/a><\/p>\t\t\t\t\t\t<\/div>\n\t\t\t\t<\/div>\n\t\t\t\t\t<\/div>\n\t\t<\/div>\n\t\t\t\t\t<\/div>\n\t\t<\/section>\n\t\t\t\t<\/div>","protected":false},"excerpt":{"rendered":"<p>Contact with us WORK WITH US DESIGN WITH US ASK US Download materials Send us a messagePlease enable JavaScript in your browser to complete this form.Name *Location *Email *I am a private customer an installer a seller an architect (Option) CompanyMessage(Option) Please send me: Product catalog CAD files Retail Prices B2B cooperation offer Quotation Submit [&hellip;]<\/p>","protected":false},"author":1,"featured_media":0,"parent":0,"menu_order":0,"comment_status":"closed","ping_status":"closed","template":"","meta":{"site-sidebar-layout":"no-sidebar","site-content-layout":"page-builder","ast-site-content-layout":"","site-content-style":"default","site-sidebar-style":"default","ast-global-header-display":"","ast-banner-title-visibility":"","ast-main-header-display":"","ast-hfb-above-header-display":"","ast-hfb-below-header-display":"","ast-hfb-mobile-header-display":"","site-post-title":"disabled","ast-breadcrumbs-content":"","ast-featured-img":"disabled","footer-sml-layout":"","theme-transparent-header-meta":"enabled","adv-header-id-meta":"","stick-header-meta":"","header-above-stick-meta":"","header-main-stick-meta":"","header-below-stick-meta":"","astra-migrate-meta-layouts":"default","ast-page-background-enabled":"default","ast-page-background-meta":{"desktop":{"background-color":"","background-image":"","background-repeat":"repeat","background-position":"center center","background-size":"auto","background-attachment":"scroll","background-type":"","background-media":"","overlay-type":"","overlay-color":"","overlay-gradient":""},"tablet":{"background-color":"","background-image":"","background-repeat":"repeat","background-position":"center center","background-size":"auto","background-attachment":"scroll","background-type":"","background-media":"","overlay-type":"","overlay-color":"","overlay-gradient":""},"mobile":{"background-color":"","background-image":"","background-repeat":"repeat","background-position":"center center","background-size":"auto","background-attachment":"scroll","background-type":"","background-media":"","overlay-type":"","overlay-color":"","overlay-gradient":""}},"ast-content-background-meta":{"desktop":{"background-color":"var(--ast-global-color-5)","background-image":"","background-repeat":"repeat","background-position":"center center","background-size":"auto","background-attachment":"scroll","background-type":"","background-media":"","overlay-type":"","overlay-color":"","overlay-gradient":""},"tablet":{"background-color":"var(--ast-global-color-5)","background-image":"","background-repeat":"repeat","background-position":"center center","background-size":"auto","background-attachment":"scroll","background-type":"","background-media":"","overlay-type":"","overlay-color":"","overlay-gradient":""},"mobile":{"background-color":"var(--ast-global-color-5)","background-image":"","background-repeat":"repeat","background-position":"center center","background-size":"auto","background-attachment":"scroll","background-type":"","background-media":"","overlay-type":"","overlay-color":"","overlay-gradient":""}},"footnotes":""},"class_list":["post-1487","page","type-page","status-publish","hentry"],"_links":{"self":[{"href":"https:\/\/solarbreaker.com\/pl\/wp-json\/wp\/v2\/pages\/1487","targetHints":{"allow":["GET"]}}],"collection":[{"href":"https:\/\/solarbreaker.com\/pl\/wp-json\/wp\/v2\/pages"}],"about":[{"href":"https:\/\/solarbreaker.com\/pl\/wp-json\/wp\/v2\/types\/page"}],"author":[{"embeddable":true,"href":"https:\/\/solarbreaker.com\/pl\/wp-json\/wp\/v2\/users\/1"}],"replies":[{"embeddable":true,"href":"https:\/\/solarbreaker.com\/pl\/wp-json\/wp\/v2\/comments?post=1487"}],"version-history":[{"count":13,"href":"https:\/\/solarbreaker.com\/pl\/wp-json\/wp\/v2\/pages\/1487\/revisions"}],"predecessor-version":[{"id":2650,"href":"https:\/\/solarbreaker.com\/pl\/wp-json\/wp\/v2\/pages\/1487\/revisions\/2650"}],"wp:attachment":[{"href":"https:\/\/solarbreaker.com\/pl\/wp-json\/wp\/v2\/media?parent=1487"}],"curies":[{"name":"wp","href":"https:\/\/api.w.org\/{rel}","templated":true}]}}